{"id":13,"date":"2020-05-12T08:25:56","date_gmt":"2020-05-12T08:25:56","guid":{"rendered":"https:\/\/gamerecords.it\/?page_id=13"},"modified":"2020-08-27T09:19:42","modified_gmt":"2020-08-27T09:19:42","slug":"chi-siamo","status":"publish","type":"page","link":"https:\/\/gamerecords.it\/es\/chi-siamo\/","title":{"rendered":"Quienes Somos"},"content":{"rendered":"<table style=\"border-collapse: collapse; width: 100%;\">\n<tbody>\n<tr>\n<td style=\"width: 100%;\">\n<h2>Historia de Game Records<\/h2>\n<p>Game Records es un sello discogr\u00e1fico independiente establecido en Italia en 2019<\/td>\n<\/tr>\n<tr>\n<td style=\"width: 100%;\">\n<h2>\u00bfQu\u00e9 hacemos para los artistas?<\/h2>\n<p>Nuestro objetivo es promover nuevos artistas a trav\u00e9s de un camino de crecimiento com\u00fan para garantizar que cada artista pueda desarrollar y valorar su talento<\/td>\n<\/tr>\n<tr>\n<td style=\"width: 100%;\">\n<h2>Env\u00edanos tu demo<\/h2>\n<p>Estamos completamente abiertos a nuevas propuestas y nuevos artistas La pol\u00edtica de Game Records es de apertura completa al reverso de nuevas propuestas y nuevos talentos.<br \/>\nEnv\u00edenos un enlace (SoundCloud, Bandcamp, etc.) con algunas de sus mejores pistas a  <a href=\"mailto:info@gamerecords.it\" target=\"_blank\" rel=\"noopener noreferrer\">info@gamerecords.it<\/a><\/td>\n<\/tr>\n<tr>\n<td style=\"width: 100%;\">\n<h2>Reservas de artistas<\/h2>\n<p>Env\u00ede un correo a <a href=\"mailto:booking@gamerecords.it\" target=\"_blank\" rel=\"noopener noreferrer\">booking@gamerecords.it<\/a><\/td>\n<\/tr>\n<\/tbody>\n<\/table>\n<p>&nbsp;<\/p>\n","protected":false},"excerpt":{"rendered":"<p>Historia de Game Records Game Records es un sello discogr\u00e1fico independiente establecido en Italia en 2019 \u00bfQu\u00e9 hacemos para los artistas? Nuestro objetivo es promover nuevos artistas a trav\u00e9s de un camino de crecimiento com\u00fan para garantizar que cada artista pueda desarrollar y valorar su talento Env\u00edanos tu demo Estamos completamente abiertos a nuevas propuestas [&hellip;]<\/p>\n","protected":false},"author":1,"featured_media":0,"parent":0,"menu_order":0,"comment_status":"closed","ping_status":"closed","template":"page-chi-siamo.php","meta":{"footnotes":""},"_links":{"self":[{"href":"https:\/\/gamerecords.it\/es\/wp-json\/wp\/v2\/pages\/13"}],"collection":[{"href":"https:\/\/gamerecords.it\/es\/wp-json\/wp\/v2\/pages"}],"about":[{"href":"https:\/\/gamerecords.it\/es\/wp-json\/wp\/v2\/types\/page"}],"author":[{"embeddable":true,"href":"https:\/\/gamerecords.it\/es\/wp-json\/wp\/v2\/users\/1"}],"replies":[{"embeddable":true,"href":"https:\/\/gamerecords.it\/es\/wp-json\/wp\/v2\/comments?post=13"}],"version-history":[{"count":2,"href":"https:\/\/gamerecords.it\/es\/wp-json\/wp\/v2\/pages\/13\/revisions"}],"predecessor-version":[{"id":193,"href":"https:\/\/gamerecords.it\/es\/wp-json\/wp\/v2\/pages\/13\/revisions\/193"}],"wp:attachment":[{"href":"https:\/\/gamerecords.it\/es\/wp-json\/wp\/v2\/media?parent=13"}],"curies":[{"name":"wp","href":"https:\/\/api.w.org\/{rel}","templated":true}]}}